{"id":232,"date":"2025-12-10T09:45:42","date_gmt":"2025-12-10T09:45:42","guid":{"rendered":"https:\/\/trissbau.de\/?page_id=232"},"modified":"2025-12-11T23:35:24","modified_gmt":"2025-12-11T23:35:24","slug":"planung-projektierung","status":"publish","type":"page","link":"https:\/\/trissbau.de\/?page_id=232","title":{"rendered":"Planung &#038; Projektierung."},"content":{"rendered":"\t\t<div data-elementor-type=\"wp-page\" data-elementor-id=\"232\" class=\"elementor elementor-232\" data-elementor-post-type=\"page\">\n\t\t\t\t<div class=\"elementor-element elementor-element-7380bac5 e-flex e-con-boxed e-con e-parent\" data-id=\"7380bac5\" data-element_type=\"container\" data-settings=\"{&quot;background_background&quot;:&quot;classic&quot;,&quot;shape_divider_bottom&quot;:&quot;curve&quot;}\">\n\t\t\t\t\t<div class=\"e-con-inner\">\n\t\t\t\t<div class=\"elementor-shape elementor-shape-bottom\" aria-hidden=\"true\" data-negative=\"false\">\n\t\t\t<svg xmlns=\"http:\/\/www.w3.org\/2000\/svg\" viewBox=\"0 0 1000 100\" preserveAspectRatio=\"none\">\n    <path class=\"elementor-shape-fill\" d=\"M1000,4.3V0H0v4.3C0.9,23.1,126.7,99.2,500,100S1000,22.7,1000,4.3z\"\/>\n<\/svg>\t\t<\/div>\n\t\t\t\t<div class=\"elementor-element elementor-element-31096b5c elementor-widget elementor-widget-heading\" data-id=\"31096b5c\" data-element_type=\"widget\" data-widget_type=\"heading.default\">\n\t\t\t\t\t<h2 class=\"elementor-heading-title elementor-size-default\">Pr\u00e4zise Planung und professionelle Projektierung f\u00fcr eine sichere und effiziente Bauausf\u00fchrung<\/h2>\t\t\t\t<\/div>\n\t\t\t\t<div class=\"elementor-element elementor-element-489ead0 elementor-widget elementor-widget-text-editor\" data-id=\"489ead0\" data-element_type=\"widget\" data-widget_type=\"text-editor.default\">\n\t\t\t\t\t\t\t\t\t<p data-start=\"302\" data-end=\"636\">Eine erfolgreiche Bauausf\u00fchrung beginnt mit einer durchdachten Planung. TRISS-BAU bietet umfassende Leistungen in der Projektvorbereitung, technischen Planung und Mengenermittlung, um eine klare Grundlage f\u00fcr jedes Bauvorhaben zu schaffen. Mit Erfahrung, Fachwissen und exakter Organisation begleiten wir Sie von der Idee bis zum Start der Umsetzung.<\/p>\t\t\t\t\t\t\t\t<\/div>\n\t\t\t\t<div class=\"elementor-element elementor-element-493aa7c5 elementor-widget elementor-widget-button\" data-id=\"493aa7c5\" data-element_type=\"widget\" data-widget_type=\"button.default\">\n\t\t\t\t\t\t\t\t\t\t<a class=\"elementor-button elementor-button-link elementor-size-sm\" href=\"https:\/\/api.whatsapp.com\/send?phone=+491792242727\">\n\t\t\t\t\t\t<span class=\"elementor-button-content-wrapper\">\n\t\t\t\t\t\t\t\t\t<span class=\"elementor-button-text\">Kontaktieren Sie uns<\/span>\n\t\t\t\t\t<\/span>\n\t\t\t\t\t<\/a>\n\t\t\t\t\t\t\t\t<\/div>\n\t\t\t\t\t<\/div>\n\t\t\t\t<\/div>\n\t\t<div class=\"elementor-element elementor-element-1724aff9 e-con-full e-flex e-con e-parent\" data-id=\"1724aff9\" data-element_type=\"container\">\n\t\t<div class=\"elementor-element elementor-element-245f0ce6 e-con-full e-flex e-con e-child\" data-id=\"245f0ce6\" data-element_type=\"container\">\n\t\t<div class=\"elementor-element elementor-element-3326e40d e-con-full e-flex e-con e-child\" data-id=\"3326e40d\" data-element_type=\"container\">\n\t\t\t\t<div class=\"elementor-element elementor-element-41b38407 elementor-widget elementor-widget-text-editor\" data-id=\"41b38407\" data-element_type=\"widget\" data-widget_type=\"text-editor.default\">\n\t\t\t\t\t\t\t\t\t<h4 data-start=\"658\" data-end=\"699\"><strong data-start=\"661\" data-end=\"697\">Vorplanung &amp; Projektvorbereitung<\/strong><\/h4><p data-start=\"700\" data-end=\"830\">Wir analysieren Ihre Anforderungen, pr\u00fcfen bautechnische M\u00f6glichkeiten und entwickeln eine klare Struktur f\u00fcr das gesamte Projekt.<\/p><p data-start=\"832\" data-end=\"856\"><strong data-start=\"832\" data-end=\"854\">Unsere Leistungen:<\/strong><\/p><ul data-start=\"857\" data-end=\"1019\"><li data-start=\"857\" data-end=\"897\"><p data-start=\"859\" data-end=\"897\">Bedarfsermittlung und Zieldefinition<\/p><\/li><li data-start=\"898\" data-end=\"926\"><p data-start=\"900\" data-end=\"926\">Analyse des Ist-Zustands<\/p><\/li><li data-start=\"927\" data-end=\"969\"><p data-start=\"929\" data-end=\"969\">Entwicklung optimaler Planungskonzepte<\/p><\/li><li data-start=\"970\" data-end=\"1019\"><p data-start=\"972\" data-end=\"1019\">Erstellung eines transparenten Projektablaufs<\/p><\/li><\/ul><hr data-start=\"1021\" data-end=\"1024\" \/><h4 data-start=\"1026\" data-end=\"1073\"><strong data-start=\"1029\" data-end=\"1071\">Mengenermittlung &amp; Materialkalkulation<\/strong><\/h4><p data-start=\"1074\" data-end=\"1201\">Eine genaue Mengenermittlung ist entscheidend f\u00fcr realistische Angebote, korrekte Budgetplanung und optimale Ressourcennutzung.<\/p><p data-start=\"1203\" data-end=\"1220\"><strong data-start=\"1203\" data-end=\"1218\">Wir bieten:<\/strong><\/p><ul data-start=\"1221\" data-end=\"1424\"><li data-start=\"1221\" data-end=\"1270\"><p data-start=\"1223\" data-end=\"1270\">Exakte Berechnung von Materialien und Fl\u00e4chen<\/p><\/li><li data-start=\"1271\" data-end=\"1320\"><p data-start=\"1273\" data-end=\"1320\">Kostenkalkulation nach aktuellen Marktpreisen<\/p><\/li><li data-start=\"1321\" data-end=\"1372\"><p data-start=\"1323\" data-end=\"1372\">Optimierung von Materialeinsatz und Arbeitszeit<\/p><\/li><li data-start=\"1373\" data-end=\"1424\"><p data-start=\"1375\" data-end=\"1424\">Transparente und nachvollziehbare Aufstellungen<\/p><\/li><\/ul><hr data-start=\"1426\" data-end=\"1429\" \/><h4 data-start=\"1431\" data-end=\"1459\"><strong data-start=\"1434\" data-end=\"1457\">Technische Beratung<\/strong><\/h4><p data-start=\"1460\" data-end=\"1598\">Unsere Experten unterst\u00fctzen Sie bei technischen Entscheidungen und zeigen die effizientesten und sichersten L\u00f6sungen f\u00fcr Ihr Bauvorhaben.<\/p><p data-start=\"1600\" data-end=\"1628\"><strong data-start=\"1600\" data-end=\"1626\">Beratungsschwerpunkte:<\/strong><\/p><ul data-start=\"1629\" data-end=\"1785\"><li data-start=\"1629\" data-end=\"1676\"><p data-start=\"1631\" data-end=\"1676\">Auswahl geeigneter Bau- und D\u00e4mmmaterialien<\/p><\/li><li data-start=\"1677\" data-end=\"1713\"><p data-start=\"1679\" data-end=\"1713\">Statik- und Konstruktionsaspekte<\/p><\/li><li data-start=\"1714\" data-end=\"1742\"><p data-start=\"1716\" data-end=\"1742\">Energetische Optimierung<\/p><\/li><li data-start=\"1743\" data-end=\"1785\"><p data-start=\"1745\" data-end=\"1785\">Empfehlungen f\u00fcr nachhaltige Bauweisen<\/p><\/li><\/ul><hr data-start=\"1787\" data-end=\"1790\" \/><h4 data-start=\"1792\" data-end=\"1844\"><strong data-start=\"1795\" data-end=\"1842\">Unterst\u00fctzung w\u00e4hrend der gesamten Bauphase<\/strong><\/h4><p data-start=\"1845\" data-end=\"1970\">Wir begleiten das Projekt nicht nur in der Planungsphase, sondern stehen auch w\u00e4hrend der Ausf\u00fchrung professionell zur Seite.<\/p><p data-start=\"1972\" data-end=\"2000\"><strong data-start=\"1972\" data-end=\"1998\">Unterst\u00fctzung umfasst:<\/strong><\/p><ul data-start=\"2001\" data-end=\"2200\"><li data-start=\"2001\" data-end=\"2051\"><p data-start=\"2003\" data-end=\"2051\">Abstimmung mit Architekten und Fachingenieuren<\/p><\/li><li data-start=\"2052\" data-end=\"2091\"><p data-start=\"2054\" data-end=\"2091\">Technische Kontrolle der Ausf\u00fchrung<\/p><\/li><li data-start=\"2092\" data-end=\"2146\"><p data-start=\"2094\" data-end=\"2146\">Anpassungen und Optimierung je nach Baufortschritt<\/p><\/li><li data-start=\"2147\" data-end=\"2200\"><p data-start=\"2149\" data-end=\"2200\">Sicherstellung eines reibungslosen Projektablaufs<\/p><\/li><\/ul>\t\t\t\t\t\t\t\t<\/div>\n\t\t\t\t<\/div>\n\t\t<div class=\"elementor-element elementor-element-58fc5d8f e-con-full e-flex e-con e-child\" data-id=\"58fc5d8f\" data-element_type=\"container\" data-settings=\"{&quot;background_background&quot;:&quot;classic&quot;}\">\n\t\t<div class=\"elementor-element elementor-element-21909144 e-con-full e-flex e-con e-child\" data-id=\"21909144\" data-element_type=\"container\" data-settings=\"{&quot;background_background&quot;:&quot;classic&quot;}\">\n\t\t\t\t<div class=\"elementor-element elementor-element-55b4bf7d elementor-widget elementor-widget-heading\" data-id=\"55b4bf7d\" data-element_type=\"widget\" data-widget_type=\"heading.default\">\n\t\t\t\t\t<h4 class=\"elementor-heading-title elementor-size-default\">Warum Planung mit TRISS-BAU?<\/h4>\t\t\t\t<\/div>\n\t\t\t\t<div class=\"elementor-element elementor-element-6da8eb3 elementor-widget elementor-widget-text-editor\" data-id=\"6da8eb3\" data-element_type=\"widget\" data-widget_type=\"text-editor.default\">\n\t\t\t\t\t\t\t\t\t<ul><li data-start=\"2247\" data-end=\"2301\">Pr\u00e4zise, strukturierte und praxisorientierte Planung<\/li><li data-start=\"2247\" data-end=\"2301\">Reduzierung von Fehlerquellen und Kostenrisiken<\/li><li data-start=\"2304\" data-end=\"2353\">Effiziente Vorbereitung f\u00fcr eine saubere Bauausf\u00fchrung<\/li><li data-start=\"2304\" data-end=\"2353\">Fachkundige Beratung in allen technischen Fragen<\/li><li data-start=\"2304\" data-end=\"2353\">Professionelle Koordination aller Projektbeteiligten<\/li><\/ul>\t\t\t\t\t\t\t\t<\/div>\n\t\t\t\t<div class=\"elementor-element elementor-element-8ad2c51 elementor-button-align-stretch elementor-widget elementor-widget-form\" data-id=\"8ad2c51\" data-element_type=\"widget\" data-settings=\"{&quot;step_next_label&quot;:&quot;Next&quot;,&quot;step_previous_label&quot;:&quot;Previous&quot;,&quot;button_width&quot;:&quot;100&quot;,&quot;step_type&quot;:&quot;number_text&quot;,&quot;step_icon_shape&quot;:&quot;circle&quot;}\" data-widget_type=\"form.default\">\n\t\t\t\t\t\t\t<form class=\"elementor-form\" method=\"post\" name=\"New Form\" aria-label=\"New Form\">\n\t\t\t<input type=\"hidden\" name=\"post_id\" value=\"232\"\/>\n\t\t\t<input type=\"hidden\" name=\"form_id\" value=\"8ad2c51\"\/>\n\t\t\t<input type=\"hidden\" name=\"referer_title\" value=\"\" \/>\n\n\t\t\t\n\t\t\t<div class=\"elementor-form-fields-wrapper elementor-labels-above\">\n\t\t\t\t\t\t\t\t<div class=\"elementor-field-type-html elementor-field-group elementor-column elementor-field-group-field_957d853 elementor-col-100\">\n\t\t\t\t\tProfitieren Sie jetzt von der staatlichen Pr\u00e4mie und sparen Sie bis zu 50%.\t\t\t\t<\/div>\n\t\t\t\t\t\t\t\t<div class=\"elementor-field-type-checkbox elementor-field-group elementor-column elementor-field-group-field_d1822c7 elementor-col-100\">\n\t\t\t\t\t\t\t\t\t\t\t\t<label for=\"form-field-field_d1822c7\" class=\"elementor-field-label\">\n\t\t\t\t\t\t\t\tIn welchem \u200b\u200bBereich m\u00f6chten Sie Geld sparen?\t\t\t\t\t\t\t<\/label>\n\t\t\t\t\t\t<div class=\"elementor-field-subgroup  elementor-subgroup-inline\"><span class=\"elementor-field-option\"><input type=\"checkbox\" value=\"Fasaden &amp; W\u00e4rmed\u00e4mmung\" id=\"form-field-field_d1822c7-0\" name=\"form_fields[field_d1822c7][]\"> <label for=\"form-field-field_d1822c7-0\">Fasaden & W\u00e4rmed\u00e4mmung<\/label><\/span><span class=\"elementor-field-option\"><input type=\"checkbox\" value=\"Energetische Sanierung\" id=\"form-field-field_d1822c7-1\" name=\"form_fields[field_d1822c7][]\"> <label for=\"form-field-field_d1822c7-1\">Energetische Sanierung<\/label><\/span><span class=\"elementor-field-option\"><input type=\"checkbox\" value=\"Innenausbau &amp; Trockenbau\" id=\"form-field-field_d1822c7-2\" name=\"form_fields[field_d1822c7][]\"> <label for=\"form-field-field_d1822c7-2\">Innenausbau & Trockenbau<\/label><\/span><span class=\"elementor-field-option\"><input type=\"checkbox\" value=\"Maler- &amp; Putzarbeiten \/ Renovierung\" id=\"form-field-field_d1822c7-3\" name=\"form_fields[field_d1822c7][]\"> <label for=\"form-field-field_d1822c7-3\">Maler- & Putzarbeiten \/ Renovierung<\/label><\/span><span class=\"elementor-field-option\"><input type=\"checkbox\" value=\"Abriss \/ Demontage\" id=\"form-field-field_d1822c7-4\" name=\"form_fields[field_d1822c7][]\"> <label for=\"form-field-field_d1822c7-4\">Abriss \/ Demontage<\/label><\/span><span class=\"elementor-field-option\"><input type=\"checkbox\" value=\"Schl\u00fcsselfertiges Bauen\" id=\"form-field-field_d1822c7-5\" name=\"form_fields[field_d1822c7][]\"> <label for=\"form-field-field_d1822c7-5\">Schl\u00fcsselfertiges Bauen<\/label><\/span><span class=\"elementor-field-option\"><input type=\"checkbox\" value=\"Planung &amp; Projektierung\" id=\"form-field-field_d1822c7-6\" name=\"form_fields[field_d1822c7][]\"> <label for=\"form-field-field_d1822c7-6\">Planung & Projektierung<\/label><\/span><span class=\"elementor-field-option\"><input type=\"checkbox\" value=\"Zusammenarbeit mit Architekten &amp; Ingenieuren\" id=\"form-field-field_d1822c7-7\" name=\"form_fields[field_d1822c7][]\"> <label for=\"form-field-field_d1822c7-7\">Zusammenarbeit mit Architekten & Ingenieuren<\/label><\/span><\/div>\t\t\t\t<\/div>\n\t\t\t\t\t\t\t\t<div class=\"elementor-field-type-text elementor-field-group elementor-column elementor-field-group-name elementor-col-100\">\n\t\t\t\t\t\t\t\t\t\t\t\t<label for=\"form-field-name\" class=\"elementor-field-label\">\n\t\t\t\t\t\t\t\tName\t\t\t\t\t\t\t<\/label>\n\t\t\t\t\t\t\t\t\t\t\t\t\t\t<input size=\"1\" type=\"text\" name=\"form_fields[name]\" id=\"form-field-name\" class=\"elementor-field elementor-size-sm  elementor-field-textual\" placeholder=\"Name\">\n\t\t\t\t\t\t\t\t\t\t\t<\/div>\n\t\t\t\t\t\t\t\t<div class=\"elementor-field-type-text elementor-field-group elementor-column elementor-field-group-email elementor-col-100 elementor-field-required\">\n\t\t\t\t\t\t\t\t\t\t\t\t<label for=\"form-field-email\" class=\"elementor-field-label\">\n\t\t\t\t\t\t\t\tAddresse\t\t\t\t\t\t\t<\/label>\n\t\t\t\t\t\t\t\t\t\t\t\t\t\t<input size=\"1\" type=\"text\" name=\"form_fields[email]\" id=\"form-field-email\" class=\"elementor-field elementor-size-sm  elementor-field-textual\" placeholder=\"Tragen Sie hier Ihre Adresse ein\" required=\"required\">\n\t\t\t\t\t\t\t\t\t\t\t<\/div>\n\t\t\t\t\t\t\t\t<div class=\"elementor-field-type-tel elementor-field-group elementor-column elementor-field-group-field_283a91d elementor-col-50 elementor-field-required\">\n\t\t\t\t\t\t\t\t\t\t\t\t<label for=\"form-field-field_283a91d\" class=\"elementor-field-label\">\n\t\t\t\t\t\t\t\tTelefonnummer\t\t\t\t\t\t\t<\/label>\n\t\t\t\t\t\t\t\t<input size=\"1\" type=\"tel\" name=\"form_fields[field_283a91d]\" id=\"form-field-field_283a91d\" class=\"elementor-field elementor-size-sm  elementor-field-textual\" placeholder=\"Tragen Sie hier Ihre Telefonnummer ein.\" required=\"required\" pattern=\"[0-9()#&amp;+*-=.]+\" title=\"Only numbers and phone characters (#, -, *, etc) are accepted.\">\n\n\t\t\t\t\t\t<\/div>\n\t\t\t\t\t\t\t\t<div class=\"elementor-field-type-email elementor-field-group elementor-column elementor-field-group-field_1374a4a elementor-col-50 elementor-field-required\">\n\t\t\t\t\t\t\t\t\t\t\t\t<label for=\"form-field-field_1374a4a\" class=\"elementor-field-label\">\n\t\t\t\t\t\t\t\tEmail\t\t\t\t\t\t\t<\/label>\n\t\t\t\t\t\t\t\t\t\t\t\t\t\t<input size=\"1\" type=\"email\" name=\"form_fields[field_1374a4a]\" id=\"form-field-field_1374a4a\" class=\"elementor-field elementor-size-sm  elementor-field-textual\" placeholder=\"Geben Sie hier Ihre E-Mail-Adresse ein.\" required=\"required\">\n\t\t\t\t\t\t\t\t\t\t\t<\/div>\n\t\t\t\t\t\t\t\t<div class=\"elementor-field-type-textarea elementor-field-group elementor-column elementor-field-group-message elementor-col-100\">\n\t\t\t\t\t\t\t\t\t\t\t\t<label for=\"form-field-message\" class=\"elementor-field-label\">\n\t\t\t\t\t\t\t\tNachricht\t\t\t\t\t\t\t<\/label>\n\t\t\t\t\t\t<textarea class=\"elementor-field-textual elementor-field  elementor-size-sm\" name=\"form_fields[message]\" id=\"form-field-message\" rows=\"4\" placeholder=\"Nachricht\"><\/textarea>\t\t\t\t<\/div>\n\t\t\t\t\t\t\t\t<div class=\"elementor-field-group elementor-column elementor-field-type-submit elementor-col-100 e-form__buttons\">\n\t\t\t\t\t<button class=\"elementor-button elementor-size-sm\" type=\"submit\">\n\t\t\t\t\t\t<span class=\"elementor-button-content-wrapper\">\n\t\t\t\t\t\t\t\t\t\t\t\t\t\t\t\t\t\t\t\t\t\t<span class=\"elementor-button-text\">Send<\/span>\n\t\t\t\t\t\t\t\t\t\t\t\t\t<\/span>\n\t\t\t\t\t<\/button>\n\t\t\t\t<\/div>\n\t\t\t<\/div>\n\t\t<\/form>\n\t\t\t\t\t\t<\/div>\n\t\t\t\t<\/div>\n\t\t\t\t<\/div>\n\t\t\t\t<\/div>\n\t\t\t\t<\/div>\n\t\t\t\t<\/div>\n\t\t","protected":false},"excerpt":{"rendered":"<p>Pr\u00e4zise Planung und professionelle Projektierung f\u00fcr eine sichere und effiziente Bauausf\u00fchrung Eine erfolgreiche Bauausf\u00fchrung beginnt mit einer durchdachten Planung. TRISS-BAU bietet umfassende Leistungen in der Projektvorbereitung, technischen Planung und Mengenermittlung, um eine klare Grundlage f\u00fcr jedes Bauvorhaben zu schaffen. Mit Erfahrung, Fachwissen und exakter Organisation begleiten wir Sie von der Idee bis zum Start der [&hellip;]<\/p>\n","protected":false},"author":1,"featured_media":0,"parent":0,"menu_order":0,"comment_status":"closed","ping_status":"closed","template":"elementor_header_footer","meta":{"footnotes":""},"class_list":["post-232","page","type-page","status-publish","hentry"],"_links":{"self":[{"href":"https:\/\/trissbau.de\/index.php?rest_route=\/wp\/v2\/pages\/232","targetHints":{"allow":["GET"]}}],"collection":[{"href":"https:\/\/trissbau.de\/index.php?rest_route=\/wp\/v2\/pages"}],"about":[{"href":"https:\/\/trissbau.de\/index.php?rest_route=\/wp\/v2\/types\/page"}],"author":[{"embeddable":true,"href":"https:\/\/trissbau.de\/index.php?rest_route=\/wp\/v2\/users\/1"}],"replies":[{"embeddable":true,"href":"https:\/\/trissbau.de\/index.php?rest_route=%2Fwp%2Fv2%2Fcomments&post=232"}],"version-history":[{"count":5,"href":"https:\/\/trissbau.de\/index.php?rest_route=\/wp\/v2\/pages\/232\/revisions"}],"predecessor-version":[{"id":341,"href":"https:\/\/trissbau.de\/index.php?rest_route=\/wp\/v2\/pages\/232\/revisions\/341"}],"wp:attachment":[{"href":"https:\/\/trissbau.de\/index.php?rest_route=%2Fwp%2Fv2%2Fmedia&parent=232"}],"curies":[{"name":"wp","href":"https:\/\/api.w.org\/{rel}","templated":true}]}}